{"id":1779,"date":"2023-12-29T10:17:27","date_gmt":"2023-12-29T10:17:27","guid":{"rendered":"https:\/\/bluetrees.hldemo.tech\/werknemersaandeelhouderschap\/rsu-psu\/"},"modified":"2024-06-17T15:09:01","modified_gmt":"2024-06-17T13:09:01","slug":"rsu-psu","status":"publish","type":"page","link":"https:\/\/www.bluetrees.be\/nl\/werknemersaandeelhouderschap\/rsu-psu\/","title":{"rendered":"RSU\/PSU"},"content":{"rendered":"\t\t<div data-elementor-type=\"wp-page\" data-elementor-id=\"1779\" class=\"elementor elementor-1779 elementor-694\" data-elementor-post-type=\"page\">\n\t\t\t\t<div class=\"elementor-element elementor-element-b4b5f20 e-flex e-con-boxed e-con e-parent\" data-id=\"b4b5f20\" data-element_type=\"container\">\n\t\t\t\t\t<div class=\"e-con-inner\">\n\t\t<div class=\"elementor-element elementor-element-182d80c e-con-full e-flex e-con e-child\" data-id=\"182d80c\" data-element_type=\"container\">\n\t\t\t\t<div class=\"elementor-element elementor-element-c8a1aee elementor-view-default elementor-widget elementor-widget-icon\" data-id=\"c8a1aee\" data-element_type=\"widget\" data-widget_type=\"icon.default\">\n\t\t\t\t<div class=\"elementor-widget-container\">\n\t\t\t\t\t\t\t<div class=\"elementor-icon-wrapper\">\n\t\t\t<a class=\"elementor-icon\" href=\"https:\/\/www.bluetrees.be\/nl\/\">\n\t\t\t<svg xmlns=\"http:\/\/www.w3.org\/2000\/svg\" width=\"19\" height=\"16\" viewBox=\"0 0 19 16\" fill=\"none\"><path d=\"M18.3365 7.55181L11.1005 0.634263C10.6763 0.22873 10.1007 0 9.50065 0C8.90056 0 8.32504 0.227494 7.90083 0.634263L0.663474 7.55181C-0.219856 8.39626 -0.219856 9.76617 0.663474 10.6119C1.27909 11.2004 2.15854 11.3772 2.93582 11.1472V16H7.53353V10.6922H11.4665V16H16.0642V11.1472C16.2828 11.2115 16.5091 11.2461 16.7367 11.2461C17.3161 11.2461 17.8955 11.0347 18.3365 10.6119C19.2199 9.76741 19.2199 8.3975 18.3365 7.55181Z\" fill=\"#85A5C0\"><\/path><\/svg>\t\t\t<\/a>\n\t\t<\/div>\n\t\t\t\t\t\t<\/div>\n\t\t\t\t<\/div>\n\t\t\t\t<div class=\"elementor-element elementor-element-ca1467d elementor-icon-list--layout-inline elementor-list-item-link-full_width elementor-widget elementor-widget-icon-list\" data-id=\"ca1467d\" data-element_type=\"widget\" data-widget_type=\"icon-list.default\">\n\t\t\t\t<div class=\"elementor-widget-container\">\n\t\t\t\t\t\t\t<ul class=\"elementor-icon-list-items elementor-inline-items\">\n\t\t\t\t\t\t\t<li class=\"elementor-icon-list-item elementor-inline-item\">\n\t\t\t\t\t\t\t\t\t\t\t<span class=\"elementor-icon-list-icon\">\n\t\t\t\t\t\t\t<svg xmlns=\"http:\/\/www.w3.org\/2000\/svg\" width=\"9\" height=\"14\" viewBox=\"0 0 9 14\" fill=\"none\"><path d=\"M1 13L7 7L0.999999 1\" stroke=\"#B6D0E6\" stroke-width=\"2\" stroke-linecap=\"round\"><\/path><\/svg>\t\t\t\t\t\t<\/span>\n\t\t\t\t\t\t\t\t\t\t<span class=\"elementor-icon-list-text\">Onze diensten<\/span>\n\t\t\t\t\t\t\t\t\t<\/li>\n\t\t\t\t\t\t\t\t<li class=\"elementor-icon-list-item elementor-inline-item\">\n\t\t\t\t\t\t\t\t\t\t\t<a href=\"https:\/\/www.bluetrees.be\/nl\/werknemersaandeelhouderschap\/\">\n\n\t\t\t\t\t\t\t\t\t\t\t\t<span class=\"elementor-icon-list-icon\">\n\t\t\t\t\t\t\t<svg xmlns=\"http:\/\/www.w3.org\/2000\/svg\" width=\"9\" height=\"14\" viewBox=\"0 0 9 14\" fill=\"none\"><path d=\"M1 13L7 7L0.999999 1\" stroke=\"#B6D0E6\" stroke-width=\"2\" stroke-linecap=\"round\"><\/path><\/svg>\t\t\t\t\t\t<\/span>\n\t\t\t\t\t\t\t\t\t\t<span class=\"elementor-icon-list-text\">Werknemersaandeelhouderschap<\/span>\n\t\t\t\t\t\t\t\t\t\t\t<\/a>\n\t\t\t\t\t\t\t\t\t<\/li>\n\t\t\t\t\t\t\t\t<li class=\"elementor-icon-list-item elementor-inline-item\">\n\t\t\t\t\t\t\t\t\t\t\t<span class=\"elementor-icon-list-icon\">\n\t\t\t\t\t\t\t<svg xmlns=\"http:\/\/www.w3.org\/2000\/svg\" width=\"9\" height=\"14\" viewBox=\"0 0 9 14\" fill=\"none\"><path d=\"M1 13L7 7L0.999999 1\" stroke=\"#B6D0E6\" stroke-width=\"2\" stroke-linecap=\"round\"><\/path><\/svg>\t\t\t\t\t\t<\/span>\n\t\t\t\t\t\t\t\t\t\t<span class=\"elementor-icon-list-text\">RSU\/PSU<\/span>\n\t\t\t\t\t\t\t\t\t<\/li>\n\t\t\t\t\t\t<\/ul>\n\t\t\t\t\t\t<\/div>\n\t\t\t\t<\/div>\n\t\t\t\t<\/div>\n\t\t\t\t\t<\/div>\n\t\t\t\t<\/div>\n\t\t<div class=\"elementor-element elementor-element-c65f71e e-flex e-con-boxed e-con e-parent\" data-id=\"c65f71e\" data-element_type=\"container\">\n\t\t\t\t\t<div class=\"e-con-inner\">\n\t\t<div class=\"elementor-element elementor-element-b7789a5 e-flex e-con-boxed e-con e-child\" data-id=\"b7789a5\" data-element_type=\"container\">\n\t\t\t\t\t<div class=\"e-con-inner\">\n\t\t<div class=\"elementor-element elementor-element-e360da8 e-con-full e-flex e-con e-child\" data-id=\"e360da8\" data-element_type=\"container\">\n\t\t<div class=\"elementor-element elementor-element-dca3572 e-con-full e-flex e-con e-child\" data-id=\"dca3572\" data-element_type=\"container\">\n\t\t\t\t<div class=\"elementor-element elementor-element-fdbbd9e elementor-widget-tablet__width-auto elementor-widget elementor-widget-heading\" data-id=\"fdbbd9e\" data-element_type=\"widget\" data-widget_type=\"heading.default\">\n\t\t\t\t<div class=\"elementor-widget-container\">\n\t\t\t\t\t<h2 class=\"elementor-heading-title elementor-size-default\">RSU\/PSU<\/h2>\t\t\t\t<\/div>\n\t\t\t\t<\/div>\n\t\t\t\t<\/div>\n\t\t\t\t<div class=\"elementor-element elementor-element-f95354b elementor-widget elementor-widget-spacer\" data-id=\"f95354b\" data-element_type=\"widget\" data-widget_type=\"spacer.default\">\n\t\t\t\t<div class=\"elementor-widget-container\">\n\t\t\t\t\t\t\t<div class=\"elementor-spacer\">\n\t\t\t<div class=\"elementor-spacer-inner\"><\/div>\n\t\t<\/div>\n\t\t\t\t\t\t<\/div>\n\t\t\t\t<\/div>\n\t\t\t\t<div class=\"elementor-element elementor-element-6fc6f11 elementor-widget elementor-widget-heading\" data-id=\"6fc6f11\" data-element_type=\"widget\" data-widget_type=\"heading.default\">\n\t\t\t\t<div class=\"elementor-widget-container\">\n\t\t\t\t\t<p class=\"elementor-heading-title elementor-size-default\">Een \"Unit\" is een belofte van een werkgever aan een werknemer om een toekomstig voordeel te verkrijgen. <\/p>\t\t\t\t<\/div>\n\t\t\t\t<\/div>\n\t\t\t\t<div class=\"elementor-element elementor-element-59dc55c elementor-icon-list--layout-traditional elementor-list-item-link-full_width elementor-widget elementor-widget-icon-list\" data-id=\"59dc55c\" data-element_type=\"widget\" data-widget_type=\"icon-list.default\">\n\t\t\t\t<div class=\"elementor-widget-container\">\n\t\t\t\t\t\t\t<ul class=\"elementor-icon-list-items\">\n\t\t\t\t\t\t\t<li class=\"elementor-icon-list-item\">\n\t\t\t\t\t\t\t\t\t\t\t<span class=\"elementor-icon-list-icon\">\n\t\t\t\t\t\t\t<svg aria-hidden=\"true\" class=\"e-font-icon-svg e-fas-circle\" viewBox=\"0 0 512 512\" xmlns=\"http:\/\/www.w3.org\/2000\/svg\"><path d=\"M256 8C119 8 8 119 8 256s111 248 248 248 248-111 248-248S393 8 256 8z\"><\/path><\/svg>\t\t\t\t\t\t<\/span>\n\t\t\t\t\t\t\t\t\t\t<span class=\"elementor-icon-list-text\">Niet gegarandeerd<\/span>\n\t\t\t\t\t\t\t\t\t<\/li>\n\t\t\t\t\t\t\t\t<li class=\"elementor-icon-list-item\">\n\t\t\t\t\t\t\t\t\t\t\t<span class=\"elementor-icon-list-icon\">\n\t\t\t\t\t\t\t<svg aria-hidden=\"true\" class=\"e-font-icon-svg e-fas-circle\" viewBox=\"0 0 512 512\" xmlns=\"http:\/\/www.w3.org\/2000\/svg\"><path d=\"M256 8C119 8 8 119 8 256s111 248 248 248 248-111 248-248S393 8 256 8z\"><\/path><\/svg>\t\t\t\t\t\t<\/span>\n\t\t\t\t\t\t\t\t\t\t<span class=\"elementor-icon-list-text\">Onderhevig aan opschortende voorwaarden in verband met de aanwezigheid van de werknemer, het behalen van collectieve of individuele, financi\u00eble of andere doelstellingen.<\/span>\n\t\t\t\t\t\t\t\t\t<\/li>\n\t\t\t\t\t\t<\/ul>\n\t\t\t\t\t\t<\/div>\n\t\t\t\t<\/div>\n\t\t\t\t<div class=\"elementor-element elementor-element-9910dd9 elementor-widget elementor-widget-spacer\" data-id=\"9910dd9\" data-element_type=\"widget\" data-widget_type=\"spacer.default\">\n\t\t\t\t<div class=\"elementor-widget-container\">\n\t\t\t\t\t\t\t<div class=\"elementor-spacer\">\n\t\t\t<div class=\"elementor-spacer-inner\"><\/div>\n\t\t<\/div>\n\t\t\t\t\t\t<\/div>\n\t\t\t\t<\/div>\n\t\t\t\t<div class=\"elementor-element elementor-element-2f96a13 elementor-widget elementor-widget-heading\" data-id=\"2f96a13\" data-element_type=\"widget\" data-widget_type=\"heading.default\">\n\t\t\t\t<div class=\"elementor-widget-container\">\n\t\t\t\t\t<p class=\"elementor-heading-title elementor-size-default\">V\u00f3\u00f3r uitbetaling heeft de begunstigde geen recht op rente of dividenden en er is geen mogelijkheid tot verrekening met schulden<\/p>\t\t\t\t<\/div>\n\t\t\t\t<\/div>\n\t\t\t\t<\/div>\n\t\t<div class=\"elementor-element elementor-element-4939800 e-con-full e-flex e-con e-child\" data-id=\"4939800\" data-element_type=\"container\">\n\t\t\t\t<div class=\"elementor-element elementor-element-c316219 elementor-widget elementor-widget-image\" data-id=\"c316219\" data-element_type=\"widget\" data-widget_type=\"image.default\">\n\t\t\t\t<div class=\"elementor-widget-container\">\n\t\t\t\t\t\t\t\t\t\t\t\t\t\t\t<img fetchpriority=\"high\" decoding=\"async\" width=\"374\" height=\"272\" src=\"https:\/\/www.bluetrees.be\/wp-content\/uploads\/2024\/01\/3-4-RSU-PSU-header.png\" class=\"attachment-full size-full wp-image-1688\" alt=\"\" srcset=\"https:\/\/www.bluetrees.be\/wp-content\/uploads\/2024\/01\/3-4-RSU-PSU-header.png 374w, https:\/\/www.bluetrees.be\/wp-content\/uploads\/2024\/01\/3-4-RSU-PSU-header-300x218.png 300w\" sizes=\"(max-width: 374px) 100vw, 374px\" \/>\t\t\t\t\t\t\t\t\t\t\t\t\t\t\t<\/div>\n\t\t\t\t<\/div>\n\t\t\t\t<\/div>\n\t\t\t\t\t<\/div>\n\t\t\t\t<\/div>\n\t\t\t\t\t<\/div>\n\t\t\t\t<\/div>\n\t\t<div class=\"elementor-element elementor-element-217198e e-flex e-con-boxed e-con e-parent\" data-id=\"217198e\" data-element_type=\"container\">\n\t\t\t\t\t<div class=\"e-con-inner\">\n\t\t<div class=\"elementor-element elementor-element-2a49b54 e-con-full e-flex e-con e-child\" data-id=\"2a49b54\" data-element_type=\"container\">\n\t\t<div class=\"elementor-element elementor-element-3c449d7 e-con-full e-flex e-con e-child\" data-id=\"3c449d7\" data-element_type=\"container\" data-settings=\"{&quot;background_background&quot;:&quot;classic&quot;}\">\n\t\t\t\t<div class=\"elementor-element elementor-element-b5b996d elementor-widget elementor-widget-heading\" data-id=\"b5b996d\" data-element_type=\"widget\" data-widget_type=\"heading.default\">\n\t\t\t\t<div class=\"elementor-widget-container\">\n\t\t\t\t\t<h4 class=\"elementor-heading-title elementor-size-default\">Performance Share Unit (PSU)<\/h4>\t\t\t\t<\/div>\n\t\t\t\t<\/div>\n\t\t\t\t<div class=\"elementor-element elementor-element-a7d07b5 elementor-widget elementor-widget-spacer\" data-id=\"a7d07b5\" data-element_type=\"widget\" data-widget_type=\"spacer.default\">\n\t\t\t\t<div class=\"elementor-widget-container\">\n\t\t\t\t\t\t\t<div class=\"elementor-spacer\">\n\t\t\t<div class=\"elementor-spacer-inner\"><\/div>\n\t\t<\/div>\n\t\t\t\t\t\t<\/div>\n\t\t\t\t<\/div>\n\t\t\t\t<div class=\"elementor-element elementor-element-b4b7866 elementor-widget elementor-widget-text-editor\" data-id=\"b4b7866\" data-element_type=\"widget\" data-widget_type=\"text-editor.default\">\n\t\t\t\t<div class=\"elementor-widget-container\">\n\t\t\t\t\t\t\t\t\t<ul>\n<li>Incentive gekoppeld aan de prestaties van het bedrijf, meestal financieel (behalen van specifieke bedrijfsdoelen).<\/li>\n<li>Eenheden kunnen worden omgezet in contanten of aandelen van het bedrijf.<\/li>\n<li>Belasting en quasi-belasting identiek aan traditionele beloning<\/li>\n<li>De doelstellingen van het management en de werknemers op \u00e9\u00e9n lijn brengen met die van de aandeelhouders<\/li>\n<li>Periode van onvoorwaardelijk worden over meerdere jaren (minimaal 3 jaar)<\/li>\n<\/ul>\n\t\t\t\t\t\t\t\t<\/div>\n\t\t\t\t<\/div>\n\t\t\t\t<\/div>\n\t\t<div class=\"elementor-element elementor-element-c3d145d e-con-full e-flex e-con e-child\" data-id=\"c3d145d\" data-element_type=\"container\" data-settings=\"{&quot;background_background&quot;:&quot;classic&quot;}\">\n\t\t\t\t<div class=\"elementor-element elementor-element-1b60b81 elementor-widget elementor-widget-heading\" data-id=\"1b60b81\" data-element_type=\"widget\" data-widget_type=\"heading.default\">\n\t\t\t\t<div class=\"elementor-widget-container\">\n\t\t\t\t\t<h4 class=\"elementor-heading-title elementor-size-default\">Restricted Share Unit (RSU)<\/h4>\t\t\t\t<\/div>\n\t\t\t\t<\/div>\n\t\t\t\t<div class=\"elementor-element elementor-element-cf49c02 elementor-widget elementor-widget-spacer\" data-id=\"cf49c02\" data-element_type=\"widget\" data-widget_type=\"spacer.default\">\n\t\t\t\t<div class=\"elementor-widget-container\">\n\t\t\t\t\t\t\t<div class=\"elementor-spacer\">\n\t\t\t<div class=\"elementor-spacer-inner\"><\/div>\n\t\t<\/div>\n\t\t\t\t\t\t<\/div>\n\t\t\t\t<\/div>\n\t\t\t\t<div class=\"elementor-element elementor-element-5a42971 elementor-widget elementor-widget-text-editor\" data-id=\"5a42971\" data-element_type=\"widget\" data-widget_type=\"text-editor.default\">\n\t\t\t\t<div class=\"elementor-widget-container\">\n\t\t\t\t\t\t\t\t\t<ul>\n<li>Eenheden kunnen worden omgezet in geld of aandelen van het bedrijf<\/li>\n<li>Over het algemeen onderworpen aan voorwaarden<\/li>\n<li>Belastingen en quasi-belastingen identiek aan traditionele beloningen, belast op het moment van definitieve verwerving\/uitbetaling<\/li>\n<li>Periode van verwerving of uitbetaling over meerdere jaren (2-3 jaar)<\/li>\n<\/ul>\t\t\t\t\t\t\t\t<\/div>\n\t\t\t\t<\/div>\n\t\t\t\t<\/div>\n\t\t\t\t<\/div>\n\t\t\t\t\t<\/div>\n\t\t\t\t<\/div>\n\t\t\t\t<\/div>\n\t\t","protected":false},"excerpt":{"rendered":"<p>Onze diensten Werknemersaandeelhouderschap RSU\/PSU Een &#8220;Unit&#8221; is een belofte van een werkgever aan een werknemer om een toekomstig voordeel te verkrijgen. Niet gegarandeerd Onderhevig aan opschortende voorwaarden in verband met de aanwezigheid van de werknemer, het behalen van collectieve of individuele, financi\u00eble of andere doelstellingen. V\u00f3\u00f3r uitbetaling heeft de begunstigde geen recht op rente of [&hellip;]<\/p>\n","protected":false},"author":4,"featured_media":0,"parent":1748,"menu_order":0,"comment_status":"closed","ping_status":"closed","template":"","meta":{"footnotes":""},"class_list":["post-1779","page","type-page","status-publish","hentry"],"yoast_head":"<!-- This site is optimized with the Yoast SEO plugin v26.7 - https:\/\/yoast.com\/wordpress\/plugins\/seo\/ -->\n<title>RSU\/PSU - Bluetrees<\/title>\n<meta name=\"robots\" content=\"index, follow, max-snippet:-1, max-image-preview:large, max-video-preview:-1\" \/>\n<link rel=\"canonical\" href=\"https:\/\/www.bluetrees.be\/nl\/werknemersaandeelhouderschap\/rsu-psu\/\" \/>\n<meta property=\"og:locale\" content=\"nl_NL\" \/>\n<meta property=\"og:type\" content=\"article\" \/>\n<meta property=\"og:title\" content=\"RSU\/PSU - Bluetrees\" \/>\n<meta property=\"og:description\" content=\"Onze diensten Werknemersaandeelhouderschap RSU\/PSU Een &#8220;Unit&#8221; is een belofte van een werkgever aan een werknemer om een toekomstig voordeel te verkrijgen. Niet gegarandeerd Onderhevig aan opschortende voorwaarden in verband met de aanwezigheid van de werknemer, het behalen van collectieve of individuele, financi\u00eble of andere doelstellingen. V\u00f3\u00f3r uitbetaling heeft de begunstigde geen recht op rente of [&hellip;]\" \/>\n<meta property=\"og:url\" content=\"https:\/\/www.bluetrees.be\/nl\/werknemersaandeelhouderschap\/rsu-psu\/\" \/>\n<meta property=\"og:site_name\" content=\"Bluetrees\" \/>\n<meta property=\"article:publisher\" content=\"https:\/\/www.facebook.com\/p\/BlueTrees-SA-100064023634303\/\" \/>\n<meta property=\"article:modified_time\" content=\"2024-06-17T13:09:01+00:00\" \/>\n<meta property=\"og:image\" content=\"https:\/\/www.bluetrees.be\/wp-content\/uploads\/2024\/01\/3-4-RSU-PSU-header.png\" \/>\n\t<meta property=\"og:image:width\" content=\"374\" \/>\n\t<meta property=\"og:image:height\" content=\"272\" \/>\n\t<meta property=\"og:image:type\" content=\"image\/png\" \/>\n<meta name=\"twitter:card\" content=\"summary_large_image\" \/>\n<meta name=\"twitter:label1\" content=\"Geschatte leestijd\" \/>\n\t<meta name=\"twitter:data1\" content=\"1 minuut\" \/>\n<script type=\"application\/ld+json\" class=\"yoast-schema-graph\">{\"@context\":\"https:\/\/schema.org\",\"@graph\":[{\"@type\":\"WebPage\",\"@id\":\"https:\/\/www.bluetrees.be\/nl\/werknemersaandeelhouderschap\/rsu-psu\/\",\"url\":\"https:\/\/www.bluetrees.be\/nl\/werknemersaandeelhouderschap\/rsu-psu\/\",\"name\":\"RSU\/PSU - Bluetrees\",\"isPartOf\":{\"@id\":\"https:\/\/www.bluetrees.be\/#website\"},\"primaryImageOfPage\":{\"@id\":\"https:\/\/www.bluetrees.be\/nl\/werknemersaandeelhouderschap\/rsu-psu\/#primaryimage\"},\"image\":{\"@id\":\"https:\/\/www.bluetrees.be\/nl\/werknemersaandeelhouderschap\/rsu-psu\/#primaryimage\"},\"thumbnailUrl\":\"https:\/\/www.bluetrees.be\/wp-content\/uploads\/2024\/01\/3-4-RSU-PSU-header.png\",\"datePublished\":\"2023-12-29T10:17:27+00:00\",\"dateModified\":\"2024-06-17T13:09:01+00:00\",\"breadcrumb\":{\"@id\":\"https:\/\/www.bluetrees.be\/nl\/werknemersaandeelhouderschap\/rsu-psu\/#breadcrumb\"},\"inLanguage\":\"nl-NL\",\"potentialAction\":[{\"@type\":\"ReadAction\",\"target\":[\"https:\/\/www.bluetrees.be\/nl\/werknemersaandeelhouderschap\/rsu-psu\/\"]}]},{\"@type\":\"ImageObject\",\"inLanguage\":\"nl-NL\",\"@id\":\"https:\/\/www.bluetrees.be\/nl\/werknemersaandeelhouderschap\/rsu-psu\/#primaryimage\",\"url\":\"https:\/\/www.bluetrees.be\/wp-content\/uploads\/2024\/01\/3-4-RSU-PSU-header.png\",\"contentUrl\":\"https:\/\/www.bluetrees.be\/wp-content\/uploads\/2024\/01\/3-4-RSU-PSU-header.png\"},{\"@type\":\"BreadcrumbList\",\"@id\":\"https:\/\/www.bluetrees.be\/nl\/werknemersaandeelhouderschap\/rsu-psu\/#breadcrumb\",\"itemListElement\":[{\"@type\":\"ListItem\",\"position\":1,\"name\":\"Accueil\",\"item\":\"https:\/\/www.bluetrees.be\/nl\/home\/\"},{\"@type\":\"ListItem\",\"position\":2,\"name\":\"Werknemersaandeelhouderschap\",\"item\":\"https:\/\/www.bluetrees.be\/nl\/werknemersaandeelhouderschap\/\"},{\"@type\":\"ListItem\",\"position\":3,\"name\":\"RSU\/PSU\"}]},{\"@type\":\"WebSite\",\"@id\":\"https:\/\/www.bluetrees.be\/#website\",\"url\":\"https:\/\/www.bluetrees.be\/\",\"name\":\"Bluetrees\",\"description\":\"Optimisation de la r\u00e9mun\u00e9ration\",\"publisher\":{\"@id\":\"https:\/\/www.bluetrees.be\/#organization\"},\"potentialAction\":[{\"@type\":\"SearchAction\",\"target\":{\"@type\":\"EntryPoint\",\"urlTemplate\":\"https:\/\/www.bluetrees.be\/?s={search_term_string}\"},\"query-input\":{\"@type\":\"PropertyValueSpecification\",\"valueRequired\":true,\"valueName\":\"search_term_string\"}}],\"inLanguage\":\"nl-NL\"},{\"@type\":\"Organization\",\"@id\":\"https:\/\/www.bluetrees.be\/#organization\",\"name\":\"Bluetrees\",\"url\":\"https:\/\/www.bluetrees.be\/\",\"logo\":{\"@type\":\"ImageObject\",\"inLanguage\":\"nl-NL\",\"@id\":\"https:\/\/www.bluetrees.be\/#\/schema\/logo\/image\/\",\"url\":\"https:\/\/www.bluetrees.be\/wp-content\/uploads\/2023\/12\/logo-bluetrees-1.png\",\"contentUrl\":\"https:\/\/www.bluetrees.be\/wp-content\/uploads\/2023\/12\/logo-bluetrees-1.png\",\"width\":191,\"height\":64,\"caption\":\"Bluetrees\"},\"image\":{\"@id\":\"https:\/\/www.bluetrees.be\/#\/schema\/logo\/image\/\"},\"sameAs\":[\"https:\/\/www.facebook.com\/p\/BlueTrees-SA-100064023634303\/\",\"https:\/\/linkedin.com\/company\/bluetrees-sa\",\"https:\/\/www.instagram.com\/bluetrees_sa\/\"]}]}<\/script>\n<!-- \/ Yoast SEO plugin. -->","yoast_head_json":{"title":"RSU\/PSU - Bluetrees","robots":{"index":"index","follow":"follow","max-snippet":"max-snippet:-1","max-image-preview":"max-image-preview:large","max-video-preview":"max-video-preview:-1"},"canonical":"https:\/\/www.bluetrees.be\/nl\/werknemersaandeelhouderschap\/rsu-psu\/","og_locale":"nl_NL","og_type":"article","og_title":"RSU\/PSU - Bluetrees","og_description":"Onze diensten Werknemersaandeelhouderschap RSU\/PSU Een &#8220;Unit&#8221; is een belofte van een werkgever aan een werknemer om een toekomstig voordeel te verkrijgen. Niet gegarandeerd Onderhevig aan opschortende voorwaarden in verband met de aanwezigheid van de werknemer, het behalen van collectieve of individuele, financi\u00eble of andere doelstellingen. V\u00f3\u00f3r uitbetaling heeft de begunstigde geen recht op rente of [&hellip;]","og_url":"https:\/\/www.bluetrees.be\/nl\/werknemersaandeelhouderschap\/rsu-psu\/","og_site_name":"Bluetrees","article_publisher":"https:\/\/www.facebook.com\/p\/BlueTrees-SA-100064023634303\/","article_modified_time":"2024-06-17T13:09:01+00:00","og_image":[{"width":374,"height":272,"url":"https:\/\/www.bluetrees.be\/wp-content\/uploads\/2024\/01\/3-4-RSU-PSU-header.png","type":"image\/png"}],"twitter_card":"summary_large_image","twitter_misc":{"Geschatte leestijd":"1 minuut"},"schema":{"@context":"https:\/\/schema.org","@graph":[{"@type":"WebPage","@id":"https:\/\/www.bluetrees.be\/nl\/werknemersaandeelhouderschap\/rsu-psu\/","url":"https:\/\/www.bluetrees.be\/nl\/werknemersaandeelhouderschap\/rsu-psu\/","name":"RSU\/PSU - Bluetrees","isPartOf":{"@id":"https:\/\/www.bluetrees.be\/#website"},"primaryImageOfPage":{"@id":"https:\/\/www.bluetrees.be\/nl\/werknemersaandeelhouderschap\/rsu-psu\/#primaryimage"},"image":{"@id":"https:\/\/www.bluetrees.be\/nl\/werknemersaandeelhouderschap\/rsu-psu\/#primaryimage"},"thumbnailUrl":"https:\/\/www.bluetrees.be\/wp-content\/uploads\/2024\/01\/3-4-RSU-PSU-header.png","datePublished":"2023-12-29T10:17:27+00:00","dateModified":"2024-06-17T13:09:01+00:00","breadcrumb":{"@id":"https:\/\/www.bluetrees.be\/nl\/werknemersaandeelhouderschap\/rsu-psu\/#breadcrumb"},"inLanguage":"nl-NL","potentialAction":[{"@type":"ReadAction","target":["https:\/\/www.bluetrees.be\/nl\/werknemersaandeelhouderschap\/rsu-psu\/"]}]},{"@type":"ImageObject","inLanguage":"nl-NL","@id":"https:\/\/www.bluetrees.be\/nl\/werknemersaandeelhouderschap\/rsu-psu\/#primaryimage","url":"https:\/\/www.bluetrees.be\/wp-content\/uploads\/2024\/01\/3-4-RSU-PSU-header.png","contentUrl":"https:\/\/www.bluetrees.be\/wp-content\/uploads\/2024\/01\/3-4-RSU-PSU-header.png"},{"@type":"BreadcrumbList","@id":"https:\/\/www.bluetrees.be\/nl\/werknemersaandeelhouderschap\/rsu-psu\/#breadcrumb","itemListElement":[{"@type":"ListItem","position":1,"name":"Accueil","item":"https:\/\/www.bluetrees.be\/nl\/home\/"},{"@type":"ListItem","position":2,"name":"Werknemersaandeelhouderschap","item":"https:\/\/www.bluetrees.be\/nl\/werknemersaandeelhouderschap\/"},{"@type":"ListItem","position":3,"name":"RSU\/PSU"}]},{"@type":"WebSite","@id":"https:\/\/www.bluetrees.be\/#website","url":"https:\/\/www.bluetrees.be\/","name":"Bluetrees","description":"Optimisation de la r\u00e9mun\u00e9ration","publisher":{"@id":"https:\/\/www.bluetrees.be\/#organization"},"potentialAction":[{"@type":"SearchAction","target":{"@type":"EntryPoint","urlTemplate":"https:\/\/www.bluetrees.be\/?s={search_term_string}"},"query-input":{"@type":"PropertyValueSpecification","valueRequired":true,"valueName":"search_term_string"}}],"inLanguage":"nl-NL"},{"@type":"Organization","@id":"https:\/\/www.bluetrees.be\/#organization","name":"Bluetrees","url":"https:\/\/www.bluetrees.be\/","logo":{"@type":"ImageObject","inLanguage":"nl-NL","@id":"https:\/\/www.bluetrees.be\/#\/schema\/logo\/image\/","url":"https:\/\/www.bluetrees.be\/wp-content\/uploads\/2023\/12\/logo-bluetrees-1.png","contentUrl":"https:\/\/www.bluetrees.be\/wp-content\/uploads\/2023\/12\/logo-bluetrees-1.png","width":191,"height":64,"caption":"Bluetrees"},"image":{"@id":"https:\/\/www.bluetrees.be\/#\/schema\/logo\/image\/"},"sameAs":["https:\/\/www.facebook.com\/p\/BlueTrees-SA-100064023634303\/","https:\/\/linkedin.com\/company\/bluetrees-sa","https:\/\/www.instagram.com\/bluetrees_sa\/"]}]}},"_links":{"self":[{"href":"https:\/\/www.bluetrees.be\/nl\/wp-json\/wp\/v2\/pages\/1779","targetHints":{"allow":["GET"]}}],"collection":[{"href":"https:\/\/www.bluetrees.be\/nl\/wp-json\/wp\/v2\/pages"}],"about":[{"href":"https:\/\/www.bluetrees.be\/nl\/wp-json\/wp\/v2\/types\/page"}],"author":[{"embeddable":true,"href":"https:\/\/www.bluetrees.be\/nl\/wp-json\/wp\/v2\/users\/4"}],"replies":[{"embeddable":true,"href":"https:\/\/www.bluetrees.be\/nl\/wp-json\/wp\/v2\/comments?post=1779"}],"version-history":[{"count":10,"href":"https:\/\/www.bluetrees.be\/nl\/wp-json\/wp\/v2\/pages\/1779\/revisions"}],"predecessor-version":[{"id":2401,"href":"https:\/\/www.bluetrees.be\/nl\/wp-json\/wp\/v2\/pages\/1779\/revisions\/2401"}],"up":[{"embeddable":true,"href":"https:\/\/www.bluetrees.be\/nl\/wp-json\/wp\/v2\/pages\/1748"}],"wp:attachment":[{"href":"https:\/\/www.bluetrees.be\/nl\/wp-json\/wp\/v2\/media?parent=1779"}],"curies":[{"name":"wp","href":"https:\/\/api.w.org\/{rel}","templated":true}]}}